{"id":27537,"date":"2024-09-08T12:22:33","date_gmt":"2024-09-08T12:22:33","guid":{"rendered":"https:\/\/princessyachtsmonaco.com\/all-yachts\/yachts-in-stock\/"},"modified":"2024-09-12T06:53:50","modified_gmt":"2024-09-12T06:53:50","slug":"yachts-in-stock","status":"publish","type":"page","link":"https:\/\/princessyachtsmonaco.com\/fr\/all-yachts\/yachts-in-stock\/","title":{"rendered":"Yachts in Stock"},"content":{"rendered":"<p>D\u00e9couvrez notre s\u00e9lection exclusive de Princess Yachts actuellement en stock et pr\u00eats pour une livraison imm\u00e9diate. Ces yachts luxueux, r\u00e9put\u00e9s pour leur fabrication exceptionnelle et leur technologie de pointe, offrent un m\u00e9lange parfait de performance et d&#8217;\u00e9l\u00e9gance. Que vous recherchiez un yacht sportif et \u00e9l\u00e9gant ou un mod\u00e8le flybridge spacieux, nous avons le yacht id\u00e9al pour r\u00e9pondre \u00e0 vos besoins.<\/p>\n<p>Ne manquez pas cette opportunit\u00e9 de poss\u00e9der un Princess Yacht sans attendre. Contactez-nous d\u00e8s aujourd&#8217;hui pour organiser une visite ou pour en savoir plus sur ces yachts exceptionnels disponibles \u00e0 la vente rapide.<\/p>\n","protected":false},"excerpt":{"rendered":"D\u00e9couvrez notre s\u00e9lection exclusive de Princess Yachts actuellement en stock et pr\u00eats pour une livraison imm\u00e9diate. Ces yachts luxueux, r\u00e9put\u00e9s pour leur fabrication exceptionnelle et leur technologie de pointe, offrent un m\u00e9lange parfait de performance et d&#8217;\u00e9l\u00e9gance. Que vous recherchiez un yacht sportif et \u00e9l\u00e9gant ou un mod\u00e8le flybridge spacieux, nous avons le yacht id\u00e9al [&hellip;]","protected":false},"author":7,"featured_media":0,"parent":9077,"menu_order":0,"comment_status":"closed","ping_status":"closed","template":"template-yachts-filter.php","meta":{"inline_featured_image":false,"footnotes":""},"class_list":["post-27537","page","type-page","status-publish","hentry"],"acf":[],"yoast_head":"<!-- This site is optimized with the Yoast SEO plugin v21.8.1 - https:\/\/yoast.com\/wordpress\/plugins\/seo\/ -->\n<title>Yachts in Stock - Princess Yachts Monaco<\/title>\n<meta name=\"robots\" content=\"index, follow, max-snippet:-1, max-image-preview:large, max-video-preview:-1\" \/>\n<link rel=\"canonical\" href=\"https:\/\/princessyachtsmonaco.com\/all-yachts\/yachts-in-stock\/\" \/>\n<meta property=\"og:locale\" content=\"fr_FR\" \/>\n<meta property=\"og:type\" content=\"article\" \/>\n<meta property=\"og:title\" content=\"Yachts in Stock - Princess Yachts Monaco\" \/>\n<meta property=\"og:description\" content=\"D\u00e9couvrez notre s\u00e9lection exclusive de Princess Yachts actuellement en stock et pr\u00eats pour une livraison imm\u00e9diate. Ces yachts luxueux, r\u00e9put\u00e9s pour leur fabrication exceptionnelle et leur technologie de pointe, offrent un m\u00e9lange parfait de performance et d&#8217;\u00e9l\u00e9gance. Que vous recherchiez un yacht sportif et \u00e9l\u00e9gant ou un mod\u00e8le flybridge spacieux, nous avons le yacht id\u00e9al [&hellip;]\" \/>\n<meta property=\"og:url\" content=\"https:\/\/princessyachtsmonaco.com\/all-yachts\/yachts-in-stock\/\" \/>\n<meta property=\"og:site_name\" content=\"Princess Yachts Monaco\" \/>\n<meta property=\"article:publisher\" content=\"https:\/\/www.facebook.com\/princessyachtsmonaco\/\" \/>\n<meta property=\"article:modified_time\" content=\"2024-09-12T06:53:50+00:00\" \/>\n<meta name=\"twitter:card\" content=\"summary_large_image\" \/>\n<meta name=\"twitter:label1\" content=\"Dur\u00e9e de lecture estim\u00e9e\" \/>\n\t<meta name=\"twitter:data1\" content=\"1 minute\" \/>\n<!-- \/ Yoast SEO plugin. -->","yoast_head_json":{"title":"Yachts in Stock - Princess Yachts Monaco","robots":{"index":"index","follow":"follow","max-snippet":"max-snippet:-1","max-image-preview":"max-image-preview:large","max-video-preview":"max-video-preview:-1"},"canonical":"https:\/\/princessyachtsmonaco.com\/all-yachts\/yachts-in-stock\/","og_locale":"fr_FR","og_type":"article","og_title":"Yachts in Stock - Princess Yachts Monaco","og_description":"D\u00e9couvrez notre s\u00e9lection exclusive de Princess Yachts actuellement en stock et pr\u00eats pour une livraison imm\u00e9diate. Ces yachts luxueux, r\u00e9put\u00e9s pour leur fabrication exceptionnelle et leur technologie de pointe, offrent un m\u00e9lange parfait de performance et d&#8217;\u00e9l\u00e9gance. Que vous recherchiez un yacht sportif et \u00e9l\u00e9gant ou un mod\u00e8le flybridge spacieux, nous avons le yacht id\u00e9al [&hellip;]","og_url":"https:\/\/princessyachtsmonaco.com\/all-yachts\/yachts-in-stock\/","og_site_name":"Princess Yachts Monaco","article_publisher":"https:\/\/www.facebook.com\/princessyachtsmonaco\/","article_modified_time":"2024-09-12T06:53:50+00:00","twitter_card":"summary_large_image","twitter_misc":{"Dur\u00e9e de lecture estim\u00e9e":"1 minute"},"schema":{"@context":"https:\/\/schema.org","@graph":[{"@type":"WebPage","@id":"https:\/\/princessyachtsmonaco.com\/all-yachts\/yachts-in-stock\/","url":"https:\/\/princessyachtsmonaco.com\/all-yachts\/yachts-in-stock\/","name":"Yachts in Stock - Princess Yachts Monaco","isPartOf":{"@id":"https:\/\/princessyachtsmonaco.com\/#website"},"datePublished":"2024-09-08T12:22:33+00:00","dateModified":"2024-09-12T06:53:50+00:00","breadcrumb":{"@id":"https:\/\/princessyachtsmonaco.com\/all-yachts\/yachts-in-stock\/#breadcrumb"},"inLanguage":"fr-FR","potentialAction":[{"@type":"ReadAction","target":["https:\/\/princessyachtsmonaco.com\/all-yachts\/yachts-in-stock\/"]}]},{"@type":"BreadcrumbList","@id":"https:\/\/princessyachtsmonaco.com\/all-yachts\/yachts-in-stock\/#breadcrumb","itemListElement":[{"@type":"ListItem","position":1,"name":"Home","item":"https:\/\/princessyachtsmonaco.com\/"},{"@type":"ListItem","position":2,"name":"Yachts \u00e0 vendre","item":"https:\/\/princessyachtsmonaco.com\/all-yachts\/"},{"@type":"ListItem","position":3,"name":"Yachts in Stock"}]},{"@type":"WebSite","@id":"https:\/\/princessyachtsmonaco.com\/#website","url":"https:\/\/princessyachtsmonaco.com\/","name":"Princess Yachts Monaco","description":"Official Distributor Monaco","publisher":{"@id":"https:\/\/princessyachtsmonaco.com\/#organization"},"potentialAction":[{"@type":"SearchAction","target":{"@type":"EntryPoint","urlTemplate":"https:\/\/princessyachtsmonaco.com\/?s={search_term_string}"},"query-input":"required name=search_term_string"}],"inLanguage":"fr-FR"},{"@type":"Organization","@id":"https:\/\/princessyachtsmonaco.com\/#organization","name":"Princess Yachts Monaco","url":"https:\/\/princessyachtsmonaco.com\/","logo":{"@type":"ImageObject","inLanguage":"fr-FR","@id":"https:\/\/princessyachtsmonaco.com\/#\/schema\/logo\/image\/","url":"https:\/\/princessyachtsmonaco.com\/wp-content\/uploads\/princess_v60_hi-5483-credit-quin-bisset-rt.jpeg","contentUrl":"https:\/\/princessyachtsmonaco.com\/wp-content\/uploads\/princess_v60_hi-5483-credit-quin-bisset-rt.jpeg","width":1600,"height":1067,"caption":"Princess Yachts Monaco"},"image":{"@id":"https:\/\/princessyachtsmonaco.com\/#\/schema\/logo\/image\/"},"sameAs":["https:\/\/www.facebook.com\/princessyachtsmonaco\/","https:\/\/www.youtube.com\/channel\/UCBB_cCUUIjDCj-JVvCHWpgA","https:\/\/www.instagram.com\/princessyachtsmonaco\/"]}]}},"_links":{"self":[{"href":"https:\/\/princessyachtsmonaco.com\/fr\/wp-json\/wp\/v2\/pages\/27537","targetHints":{"allow":["GET"]}}],"collection":[{"href":"https:\/\/princessyachtsmonaco.com\/fr\/wp-json\/wp\/v2\/pages"}],"about":[{"href":"https:\/\/princessyachtsmonaco.com\/fr\/wp-json\/wp\/v2\/types\/page"}],"author":[{"embeddable":true,"href":"https:\/\/princessyachtsmonaco.com\/fr\/wp-json\/wp\/v2\/users\/7"}],"replies":[{"embeddable":true,"href":"https:\/\/princessyachtsmonaco.com\/fr\/wp-json\/wp\/v2\/comments?post=27537"}],"version-history":[{"count":2,"href":"https:\/\/princessyachtsmonaco.com\/fr\/wp-json\/wp\/v2\/pages\/27537\/revisions"}],"predecessor-version":[{"id":27542,"href":"https:\/\/princessyachtsmonaco.com\/fr\/wp-json\/wp\/v2\/pages\/27537\/revisions\/27542"}],"up":[{"embeddable":true,"href":"https:\/\/princessyachtsmonaco.com\/fr\/wp-json\/wp\/v2\/pages\/9077"}],"wp:attachment":[{"href":"https:\/\/princessyachtsmonaco.com\/fr\/wp-json\/wp\/v2\/media?parent=27537"}],"curies":[{"name":"wp","href":"https:\/\/api.w.org\/{rel}","templated":true}]}}