{"id":2757,"date":"2018-09-07T12:54:43","date_gmt":"2018-09-07T12:54:43","guid":{"rendered":"http:\/\/princessyachtsmonaco.com\/?page_id=2757"},"modified":"2020-12-01T09:41:16","modified_gmt":"2020-12-01T09:41:16","slug":"our-craft","status":"publish","type":"page","link":"https:\/\/princessyachtsmonaco.com\/fr\/our-craft\/","title":{"rendered":"Yachts neufs"},"content":{"rendered":"<p>D\u00e8s le lancement du premier yacht de 31 pieds en 1965, les yachts \u00e0 moteur Princess sont devenus la r\u00e9f\u00e9rence indiscutable dans le domaine des yachts de croisi\u00e8re \u00e0 moteur. Cela vaut pour la ligne l\u00e9gendaire des yachts flybridge, des yachts sportifs V Class coupant le souffle, les super yachts pour croisi\u00e8re lointaine X Class et les yachts novateurs S Class. Tous sont, sans aucun doute, les repr\u00e9sentants dignes de Princess. Le plus grand m\u00e9rite de la marque est son \u00e9l\u00e9gance intemporelle ainsi que la qualit\u00e9 irr\u00e9prochable de chaque d\u00e9tail. Chaque yacht Princess offre une grande man\u0153uvrabilit\u00e9 et une excellente tenue en mer, un am\u00e9nagement int\u00e9rieur irr\u00e9prochable et luxueux, la fiabilit\u00e9 et le confort.<\/p>\n","protected":false},"excerpt":{"rendered":"D\u00e8s le lancement du premier yacht de 31 pieds en 1965, les yachts \u00e0 moteur Princess sont devenus la r\u00e9f\u00e9rence indiscutable dans le domaine des yachts de croisi\u00e8re \u00e0 moteur. Cela vaut pour la ligne l\u00e9gendaire des yachts flybridge, des yachts sportifs V Class coupant le souffle, les super yachts pour croisi\u00e8re lointaine X Class [&hellip;]","protected":false},"author":1,"featured_media":0,"parent":0,"menu_order":0,"comment_status":"closed","ping_status":"closed","template":"princess.php","meta":{"inline_featured_image":false,"footnotes":""},"class_list":["post-2757","page","type-page","status-publish","hentry"],"acf":[],"yoast_head":"<!-- This site is optimized with the Yoast SEO plugin v21.8.1 - https:\/\/yoast.com\/wordpress\/plugins\/seo\/ -->\n<title>Yachts neufs - Princess Yachts Monaco<\/title>\n<meta name=\"robots\" content=\"index, follow, max-snippet:-1, max-image-preview:large, max-video-preview:-1\" \/>\n<link rel=\"canonical\" href=\"https:\/\/princessyachtsmonaco.com\/fr\/our-craft\/\" \/>\n<meta property=\"og:locale\" content=\"fr_FR\" \/>\n<meta property=\"og:type\" content=\"article\" \/>\n<meta property=\"og:title\" content=\"Yachts neufs - Princess Yachts Monaco\" \/>\n<meta property=\"og:description\" content=\"D\u00e8s le lancement du premier yacht de 31 pieds en 1965, les yachts \u00e0 moteur Princess sont devenus la r\u00e9f\u00e9rence indiscutable dans le domaine des yachts de croisi\u00e8re \u00e0 moteur. Cela vaut pour la ligne l\u00e9gendaire des yachts flybridge, des yachts sportifs V Class coupant le souffle, les super yachts pour croisi\u00e8re lointaine X Class [&hellip;]\" \/>\n<meta property=\"og:url\" content=\"https:\/\/princessyachtsmonaco.com\/fr\/our-craft\/\" \/>\n<meta property=\"og:site_name\" content=\"Princess Yachts Monaco\" \/>\n<meta property=\"article:publisher\" content=\"https:\/\/www.facebook.com\/princessyachtsmonaco\/\" \/>\n<meta property=\"article:modified_time\" content=\"2020-12-01T09:41:16+00:00\" \/>\n<meta name=\"twitter:card\" content=\"summary_large_image\" \/>\n<meta name=\"twitter:label1\" content=\"Dur\u00e9e de lecture estim\u00e9e\" \/>\n\t<meta name=\"twitter:data1\" content=\"1 minute\" \/>\n<!-- \/ Yoast SEO plugin. -->","yoast_head_json":{"title":"Yachts neufs - Princess Yachts Monaco","robots":{"index":"index","follow":"follow","max-snippet":"max-snippet:-1","max-image-preview":"max-image-preview:large","max-video-preview":"max-video-preview:-1"},"canonical":"https:\/\/princessyachtsmonaco.com\/fr\/our-craft\/","og_locale":"fr_FR","og_type":"article","og_title":"Yachts neufs - Princess Yachts Monaco","og_description":"D\u00e8s le lancement du premier yacht de 31 pieds en 1965, les yachts \u00e0 moteur Princess sont devenus la r\u00e9f\u00e9rence indiscutable dans le domaine des yachts de croisi\u00e8re \u00e0 moteur. Cela vaut pour la ligne l\u00e9gendaire des yachts flybridge, des yachts sportifs V Class coupant le souffle, les super yachts pour croisi\u00e8re lointaine X Class [&hellip;]","og_url":"https:\/\/princessyachtsmonaco.com\/fr\/our-craft\/","og_site_name":"Princess Yachts Monaco","article_publisher":"https:\/\/www.facebook.com\/princessyachtsmonaco\/","article_modified_time":"2020-12-01T09:41:16+00:00","twitter_card":"summary_large_image","twitter_misc":{"Dur\u00e9e de lecture estim\u00e9e":"1 minute"},"schema":{"@context":"https:\/\/schema.org","@graph":[{"@type":"WebPage","@id":"https:\/\/princessyachtsmonaco.com\/fr\/our-craft\/","url":"https:\/\/princessyachtsmonaco.com\/fr\/our-craft\/","name":"Yachts neufs - Princess Yachts Monaco","isPartOf":{"@id":"https:\/\/princessyachtsmonaco.com\/#website"},"datePublished":"2018-09-07T12:54:43+00:00","dateModified":"2020-12-01T09:41:16+00:00","breadcrumb":{"@id":"https:\/\/princessyachtsmonaco.com\/fr\/our-craft\/#breadcrumb"},"inLanguage":"fr-FR","potentialAction":[{"@type":"ReadAction","target":["https:\/\/princessyachtsmonaco.com\/fr\/our-craft\/"]}]},{"@type":"BreadcrumbList","@id":"https:\/\/princessyachtsmonaco.com\/fr\/our-craft\/#breadcrumb","itemListElement":[{"@type":"ListItem","position":1,"name":"Home","item":"https:\/\/princessyachtsmonaco.com\/"},{"@type":"ListItem","position":2,"name":"Yachts neufs"}]},{"@type":"WebSite","@id":"https:\/\/princessyachtsmonaco.com\/#website","url":"https:\/\/princessyachtsmonaco.com\/","name":"Princess Yachts Monaco","description":"Official Distributor Monaco","publisher":{"@id":"https:\/\/princessyachtsmonaco.com\/#organization"},"potentialAction":[{"@type":"SearchAction","target":{"@type":"EntryPoint","urlTemplate":"https:\/\/princessyachtsmonaco.com\/?s={search_term_string}"},"query-input":"required name=search_term_string"}],"inLanguage":"fr-FR"},{"@type":"Organization","@id":"https:\/\/princessyachtsmonaco.com\/#organization","name":"Princess Yachts Monaco","url":"https:\/\/princessyachtsmonaco.com\/","logo":{"@type":"ImageObject","inLanguage":"fr-FR","@id":"https:\/\/princessyachtsmonaco.com\/#\/schema\/logo\/image\/","url":"https:\/\/princessyachtsmonaco.com\/wp-content\/uploads\/princess_v60_hi-5483-credit-quin-bisset-rt.jpeg","contentUrl":"https:\/\/princessyachtsmonaco.com\/wp-content\/uploads\/princess_v60_hi-5483-credit-quin-bisset-rt.jpeg","width":1600,"height":1067,"caption":"Princess Yachts Monaco"},"image":{"@id":"https:\/\/princessyachtsmonaco.com\/#\/schema\/logo\/image\/"},"sameAs":["https:\/\/www.facebook.com\/princessyachtsmonaco\/","https:\/\/www.youtube.com\/channel\/UCBB_cCUUIjDCj-JVvCHWpgA","https:\/\/www.instagram.com\/princessyachtsmonaco\/"]}]}},"_links":{"self":[{"href":"https:\/\/princessyachtsmonaco.com\/fr\/wp-json\/wp\/v2\/pages\/2757","targetHints":{"allow":["GET"]}}],"collection":[{"href":"https:\/\/princessyachtsmonaco.com\/fr\/wp-json\/wp\/v2\/pages"}],"about":[{"href":"https:\/\/princessyachtsmonaco.com\/fr\/wp-json\/wp\/v2\/types\/page"}],"author":[{"embeddable":true,"href":"https:\/\/princessyachtsmonaco.com\/fr\/wp-json\/wp\/v2\/users\/1"}],"replies":[{"embeddable":true,"href":"https:\/\/princessyachtsmonaco.com\/fr\/wp-json\/wp\/v2\/comments?post=2757"}],"version-history":[{"count":8,"href":"https:\/\/princessyachtsmonaco.com\/fr\/wp-json\/wp\/v2\/pages\/2757\/revisions"}],"predecessor-version":[{"id":12576,"href":"https:\/\/princessyachtsmonaco.com\/fr\/wp-json\/wp\/v2\/pages\/2757\/revisions\/12576"}],"wp:attachment":[{"href":"https:\/\/princessyachtsmonaco.com\/fr\/wp-json\/wp\/v2\/media?parent=2757"}],"curies":[{"name":"wp","href":"https:\/\/api.w.org\/{rel}","templated":true}]}}