{"id":2788,"date":"2018-09-12T10:53:26","date_gmt":"2018-09-12T10:53:26","guid":{"rendered":"http:\/\/princessyachtsmonaco.com\/?page_id=2788"},"modified":"2019-03-12T10:49:57","modified_gmt":"2019-03-12T10:49:57","slug":"about","status":"publish","type":"page","link":"https:\/\/princessyachtsmonaco.com\/fr\/about\/","title":{"rendered":"A propos"},"content":{"rendered":"<p>Princess Yachts Monaco est le distributeur officiel des yachts Princess \u00e0 Monaco. Notre showroom, situ\u00e9 au c\u0153ur du monde du yachting \u2013 Port Hercule de Monaco \u2013 a ouvert leur portes en 2014. Vous pourrez y choisir le mod\u00e8le de yacht qui vous conviendra le mieux et s\u00e9lectionner parmi la multitude de possibilit\u00e9s l\u2019am\u00e9nagement final, car tous les \u00e9chantillons de mat\u00e9riaux sont pr\u00e9sent\u00e9s dans nos bureaux. Princess Yachts Monaco est une \u00e9quipe dynamique de professionnels ayant une longue exp\u00e9rience de la vente de yachts neufs ou d\u2019occasion, et de sp\u00e9cialistes d\u2019apr\u00e8s-vente qui vous accompagneront durant toute la dur\u00e9e de possession du yacht. Notre \u00e9quipe vous aidera \u00e0 r\u00e9soudre tout probl\u00e8me li\u00e9 \u00e0 l\u2019achat, l\u2019enregistrement, le d\u00e9douanement, l\u2019assurance, la garantie ou la post-garantie. Nous vous attendons dans nos bureaux o\u00f9 nos experts vous exposeront tous les avantages des luxueux yachts Princess autour d\u2019une tasse de caf\u00e9 exquis.<\/p>\n","protected":false},"excerpt":{"rendered":"Princess Yachts Monaco est le distributeur officiel des yachts Princess \u00e0 Monaco. Notre showroom, situ\u00e9 au c\u0153ur du monde du yachting \u2013 Port Hercule de Monaco \u2013 a ouvert leur portes en 2014. Vous pourrez y choisir le mod\u00e8le de yacht qui vous conviendra le mieux et s\u00e9lectionner parmi la multitude de possibilit\u00e9s l\u2019am\u00e9nagement final, [&hellip;]","protected":false},"author":1,"featured_media":0,"parent":0,"menu_order":0,"comment_status":"closed","ping_status":"closed","template":"page-slider.php","meta":{"inline_featured_image":false,"footnotes":""},"class_list":["post-2788","page","type-page","status-publish","hentry"],"acf":[],"yoast_head":"<!-- This site is optimized with the Yoast SEO plugin v21.8.1 - https:\/\/yoast.com\/wordpress\/plugins\/seo\/ -->\n<title>A propos - Princess Yachts Monaco<\/title>\n<meta name=\"robots\" content=\"index, follow, max-snippet:-1, max-image-preview:large, max-video-preview:-1\" \/>\n<link rel=\"canonical\" href=\"https:\/\/princessyachtsmonaco.com\/about\/\" \/>\n<meta property=\"og:locale\" content=\"fr_FR\" \/>\n<meta property=\"og:type\" content=\"article\" \/>\n<meta property=\"og:title\" content=\"A propos - Princess Yachts Monaco\" \/>\n<meta property=\"og:description\" content=\"Princess Yachts Monaco est le distributeur officiel des yachts Princess \u00e0 Monaco. Notre showroom, situ\u00e9 au c\u0153ur du monde du yachting \u2013 Port Hercule de Monaco \u2013 a ouvert leur portes en 2014. Vous pourrez y choisir le mod\u00e8le de yacht qui vous conviendra le mieux et s\u00e9lectionner parmi la multitude de possibilit\u00e9s l\u2019am\u00e9nagement final, [&hellip;]\" \/>\n<meta property=\"og:url\" content=\"https:\/\/princessyachtsmonaco.com\/about\/\" \/>\n<meta property=\"og:site_name\" content=\"Princess Yachts Monaco\" \/>\n<meta property=\"article:publisher\" content=\"https:\/\/www.facebook.com\/princessyachtsmonaco\/\" \/>\n<meta property=\"article:modified_time\" content=\"2019-03-12T10:49:57+00:00\" \/>\n<meta name=\"twitter:card\" content=\"summary_large_image\" \/>\n<meta name=\"twitter:label1\" content=\"Dur\u00e9e de lecture estim\u00e9e\" \/>\n\t<meta name=\"twitter:data1\" content=\"1 minute\" \/>\n<!-- \/ Yoast SEO plugin. -->","yoast_head_json":{"title":"A propos - Princess Yachts Monaco","robots":{"index":"index","follow":"follow","max-snippet":"max-snippet:-1","max-image-preview":"max-image-preview:large","max-video-preview":"max-video-preview:-1"},"canonical":"https:\/\/princessyachtsmonaco.com\/about\/","og_locale":"fr_FR","og_type":"article","og_title":"A propos - Princess Yachts Monaco","og_description":"Princess Yachts Monaco est le distributeur officiel des yachts Princess \u00e0 Monaco. Notre showroom, situ\u00e9 au c\u0153ur du monde du yachting \u2013 Port Hercule de Monaco \u2013 a ouvert leur portes en 2014. Vous pourrez y choisir le mod\u00e8le de yacht qui vous conviendra le mieux et s\u00e9lectionner parmi la multitude de possibilit\u00e9s l\u2019am\u00e9nagement final, [&hellip;]","og_url":"https:\/\/princessyachtsmonaco.com\/about\/","og_site_name":"Princess Yachts Monaco","article_publisher":"https:\/\/www.facebook.com\/princessyachtsmonaco\/","article_modified_time":"2019-03-12T10:49:57+00:00","twitter_card":"summary_large_image","twitter_misc":{"Dur\u00e9e de lecture estim\u00e9e":"1 minute"},"schema":{"@context":"https:\/\/schema.org","@graph":[{"@type":"WebPage","@id":"https:\/\/princessyachtsmonaco.com\/about\/","url":"https:\/\/princessyachtsmonaco.com\/about\/","name":"A propos - Princess Yachts Monaco","isPartOf":{"@id":"https:\/\/princessyachtsmonaco.com\/#website"},"datePublished":"2018-09-12T10:53:26+00:00","dateModified":"2019-03-12T10:49:57+00:00","breadcrumb":{"@id":"https:\/\/princessyachtsmonaco.com\/about\/#breadcrumb"},"inLanguage":"fr-FR","potentialAction":[{"@type":"ReadAction","target":["https:\/\/princessyachtsmonaco.com\/about\/"]}]},{"@type":"BreadcrumbList","@id":"https:\/\/princessyachtsmonaco.com\/about\/#breadcrumb","itemListElement":[{"@type":"ListItem","position":1,"name":"Home","item":"https:\/\/princessyachtsmonaco.com\/"},{"@type":"ListItem","position":2,"name":"A propos"}]},{"@type":"WebSite","@id":"https:\/\/princessyachtsmonaco.com\/#website","url":"https:\/\/princessyachtsmonaco.com\/","name":"Princess Yachts Monaco","description":"Official Distributor Monaco","publisher":{"@id":"https:\/\/princessyachtsmonaco.com\/#organization"},"potentialAction":[{"@type":"SearchAction","target":{"@type":"EntryPoint","urlTemplate":"https:\/\/princessyachtsmonaco.com\/?s={search_term_string}"},"query-input":"required name=search_term_string"}],"inLanguage":"fr-FR"},{"@type":"Organization","@id":"https:\/\/princessyachtsmonaco.com\/#organization","name":"Princess Yachts Monaco","url":"https:\/\/princessyachtsmonaco.com\/","logo":{"@type":"ImageObject","inLanguage":"fr-FR","@id":"https:\/\/princessyachtsmonaco.com\/#\/schema\/logo\/image\/","url":"https:\/\/princessyachtsmonaco.com\/wp-content\/uploads\/princess_v60_hi-5483-credit-quin-bisset-rt.jpeg","contentUrl":"https:\/\/princessyachtsmonaco.com\/wp-content\/uploads\/princess_v60_hi-5483-credit-quin-bisset-rt.jpeg","width":1600,"height":1067,"caption":"Princess Yachts Monaco"},"image":{"@id":"https:\/\/princessyachtsmonaco.com\/#\/schema\/logo\/image\/"},"sameAs":["https:\/\/www.facebook.com\/princessyachtsmonaco\/","https:\/\/www.youtube.com\/channel\/UCBB_cCUUIjDCj-JVvCHWpgA","https:\/\/www.instagram.com\/princessyachtsmonaco\/"]}]}},"_links":{"self":[{"href":"https:\/\/princessyachtsmonaco.com\/fr\/wp-json\/wp\/v2\/pages\/2788","targetHints":{"allow":["GET"]}}],"collection":[{"href":"https:\/\/princessyachtsmonaco.com\/fr\/wp-json\/wp\/v2\/pages"}],"about":[{"href":"https:\/\/princessyachtsmonaco.com\/fr\/wp-json\/wp\/v2\/types\/page"}],"author":[{"embeddable":true,"href":"https:\/\/princessyachtsmonaco.com\/fr\/wp-json\/wp\/v2\/users\/1"}],"replies":[{"embeddable":true,"href":"https:\/\/princessyachtsmonaco.com\/fr\/wp-json\/wp\/v2\/comments?post=2788"}],"version-history":[{"count":5,"href":"https:\/\/princessyachtsmonaco.com\/fr\/wp-json\/wp\/v2\/pages\/2788\/revisions"}],"predecessor-version":[{"id":3133,"href":"https:\/\/princessyachtsmonaco.com\/fr\/wp-json\/wp\/v2\/pages\/2788\/revisions\/3133"}],"wp:attachment":[{"href":"https:\/\/princessyachtsmonaco.com\/fr\/wp-json\/wp\/v2\/media?parent=2788"}],"curies":[{"name":"wp","href":"https:\/\/api.w.org\/{rel}","templated":true}]}}