{"id":2793,"date":"2018-09-12T12:11:54","date_gmt":"2018-09-12T12:11:54","guid":{"rendered":"http:\/\/princessyachtsmonaco.com\/?page_id=2793"},"modified":"2019-03-12T10:17:11","modified_gmt":"2019-03-12T10:17:11","slug":"services","status":"publish","type":"page","link":"https:\/\/princessyachtsmonaco.com\/fr\/services\/","title":{"rendered":"Services"},"content":{"rendered":"<p>Princess yachts Monaco accompagne ses clients durant l\u2019acquisition d\u2019un yacht, mais aussi tout le temps de son possession, y compris lors de la revente ou l\u2019achat d\u2019un neuf avec reprise de l\u2019ancien (syst\u00e8me de trade-in). Notre \u00e9quipe de professionnels vous aidera \u00e0 choisir l\u2019am\u00e9nagement int\u00e9rieur id\u00e9al pour le yacht. Princess Yachts, \u00e9tant membre du groupe LVMH, nous permet d\u2019offrir \u00e0 nos clients les am\u00e9nagements int\u00e9rieurs les plus luxueux au prix le plus juste. Les experts du d\u00e9partement apr\u00e8s-vente mettent leurs efforts au service du propri\u00e9taire. Nous nous chargeons de l\u2019enregistrement, de la recherche d\u2019une place de port, de la logistique, de la s\u00e9curit\u00e9, de l\u2019entretien technique et de la r\u00e9solution de tout probl\u00e8me concernant la possession et la maintenance du yacht.<\/p>\n","protected":false},"excerpt":{"rendered":"Princess yachts Monaco accompagne ses clients durant l\u2019acquisition d\u2019un yacht, mais aussi tout le temps de son possession, y compris lors de la revente ou l\u2019achat d\u2019un neuf avec reprise de l\u2019ancien (syst\u00e8me de trade-in). Notre \u00e9quipe de professionnels vous aidera \u00e0 choisir l\u2019am\u00e9nagement int\u00e9rieur id\u00e9al pour le yacht. Princess Yachts, \u00e9tant membre du groupe [&hellip;]","protected":false},"author":1,"featured_media":3139,"parent":0,"menu_order":0,"comment_status":"closed","ping_status":"closed","template":"","meta":{"inline_featured_image":false,"footnotes":""},"class_list":["post-2793","page","type-page","status-publish","has-post-thumbnail","hentry"],"acf":[],"yoast_head":"<!-- This site is optimized with the Yoast SEO plugin v21.8.1 - https:\/\/yoast.com\/wordpress\/plugins\/seo\/ -->\n<title>Services - Princess Yachts Monaco<\/title>\n<meta name=\"robots\" content=\"index, follow, max-snippet:-1, max-image-preview:large, max-video-preview:-1\" \/>\n<link rel=\"canonical\" href=\"https:\/\/princessyachtsmonaco.com\/services\/\" \/>\n<meta property=\"og:locale\" content=\"fr_FR\" \/>\n<meta property=\"og:type\" content=\"article\" \/>\n<meta property=\"og:title\" content=\"Services - Princess Yachts Monaco\" \/>\n<meta property=\"og:description\" content=\"Princess yachts Monaco accompagne ses clients durant l\u2019acquisition d\u2019un yacht, mais aussi tout le temps de son possession, y compris lors de la revente ou l\u2019achat d\u2019un neuf avec reprise de l\u2019ancien (syst\u00e8me de trade-in). Notre \u00e9quipe de professionnels vous aidera \u00e0 choisir l\u2019am\u00e9nagement int\u00e9rieur id\u00e9al pour le yacht. Princess Yachts, \u00e9tant membre du groupe [&hellip;]\" \/>\n<meta property=\"og:url\" content=\"https:\/\/princessyachtsmonaco.com\/services\/\" \/>\n<meta property=\"og:site_name\" content=\"Princess Yachts Monaco\" \/>\n<meta property=\"article:publisher\" content=\"https:\/\/www.facebook.com\/princessyachtsmonaco\/\" \/>\n<meta property=\"article:modified_time\" content=\"2019-03-12T10:17:11+00:00\" \/>\n<meta property=\"og:image\" content=\"https:\/\/princessyachtsmonaco.com\/wp-content\/uploads\/services\/princess-yachts-shipyard-1.jpg\" \/>\n\t<meta property=\"og:image:width\" content=\"2362\" \/>\n\t<meta property=\"og:image:height\" content=\"1575\" \/>\n\t<meta property=\"og:image:type\" content=\"image\/jpeg\" \/>\n<meta name=\"twitter:card\" content=\"summary_large_image\" \/>\n<meta name=\"twitter:label1\" content=\"Dur\u00e9e de lecture estim\u00e9e\" \/>\n\t<meta name=\"twitter:data1\" content=\"1 minute\" \/>\n<!-- \/ Yoast SEO plugin. -->","yoast_head_json":{"title":"Services - Princess Yachts Monaco","robots":{"index":"index","follow":"follow","max-snippet":"max-snippet:-1","max-image-preview":"max-image-preview:large","max-video-preview":"max-video-preview:-1"},"canonical":"https:\/\/princessyachtsmonaco.com\/services\/","og_locale":"fr_FR","og_type":"article","og_title":"Services - Princess Yachts Monaco","og_description":"Princess yachts Monaco accompagne ses clients durant l\u2019acquisition d\u2019un yacht, mais aussi tout le temps de son possession, y compris lors de la revente ou l\u2019achat d\u2019un neuf avec reprise de l\u2019ancien (syst\u00e8me de trade-in). Notre \u00e9quipe de professionnels vous aidera \u00e0 choisir l\u2019am\u00e9nagement int\u00e9rieur id\u00e9al pour le yacht. Princess Yachts, \u00e9tant membre du groupe [&hellip;]","og_url":"https:\/\/princessyachtsmonaco.com\/services\/","og_site_name":"Princess Yachts Monaco","article_publisher":"https:\/\/www.facebook.com\/princessyachtsmonaco\/","article_modified_time":"2019-03-12T10:17:11+00:00","og_image":[{"width":2362,"height":1575,"url":"https:\/\/princessyachtsmonaco.com\/wp-content\/uploads\/services\/princess-yachts-shipyard-1.jpg","type":"image\/jpeg"}],"twitter_card":"summary_large_image","twitter_misc":{"Dur\u00e9e de lecture estim\u00e9e":"1 minute"},"schema":{"@context":"https:\/\/schema.org","@graph":[{"@type":"WebPage","@id":"https:\/\/princessyachtsmonaco.com\/services\/","url":"https:\/\/princessyachtsmonaco.com\/services\/","name":"Services - Princess Yachts Monaco","isPartOf":{"@id":"https:\/\/princessyachtsmonaco.com\/#website"},"datePublished":"2018-09-12T12:11:54+00:00","dateModified":"2019-03-12T10:17:11+00:00","breadcrumb":{"@id":"https:\/\/princessyachtsmonaco.com\/services\/#breadcrumb"},"inLanguage":"fr-FR","potentialAction":[{"@type":"ReadAction","target":["https:\/\/princessyachtsmonaco.com\/services\/"]}]},{"@type":"BreadcrumbList","@id":"https:\/\/princessyachtsmonaco.com\/services\/#breadcrumb","itemListElement":[{"@type":"ListItem","position":1,"name":"Home","item":"https:\/\/princessyachtsmonaco.com\/"},{"@type":"ListItem","position":2,"name":"Services"}]},{"@type":"WebSite","@id":"https:\/\/princessyachtsmonaco.com\/#website","url":"https:\/\/princessyachtsmonaco.com\/","name":"Princess Yachts Monaco","description":"Official Distributor Monaco","publisher":{"@id":"https:\/\/princessyachtsmonaco.com\/#organization"},"potentialAction":[{"@type":"SearchAction","target":{"@type":"EntryPoint","urlTemplate":"https:\/\/princessyachtsmonaco.com\/?s={search_term_string}"},"query-input":"required name=search_term_string"}],"inLanguage":"fr-FR"},{"@type":"Organization","@id":"https:\/\/princessyachtsmonaco.com\/#organization","name":"Princess Yachts Monaco","url":"https:\/\/princessyachtsmonaco.com\/","logo":{"@type":"ImageObject","inLanguage":"fr-FR","@id":"https:\/\/princessyachtsmonaco.com\/#\/schema\/logo\/image\/","url":"https:\/\/princessyachtsmonaco.com\/wp-content\/uploads\/princess_v60_hi-5483-credit-quin-bisset-rt.jpeg","contentUrl":"https:\/\/princessyachtsmonaco.com\/wp-content\/uploads\/princess_v60_hi-5483-credit-quin-bisset-rt.jpeg","width":1600,"height":1067,"caption":"Princess Yachts Monaco"},"image":{"@id":"https:\/\/princessyachtsmonaco.com\/#\/schema\/logo\/image\/"},"sameAs":["https:\/\/www.facebook.com\/princessyachtsmonaco\/","https:\/\/www.youtube.com\/channel\/UCBB_cCUUIjDCj-JVvCHWpgA","https:\/\/www.instagram.com\/princessyachtsmonaco\/"]}]}},"_links":{"self":[{"href":"https:\/\/princessyachtsmonaco.com\/fr\/wp-json\/wp\/v2\/pages\/2793","targetHints":{"allow":["GET"]}}],"collection":[{"href":"https:\/\/princessyachtsmonaco.com\/fr\/wp-json\/wp\/v2\/pages"}],"about":[{"href":"https:\/\/princessyachtsmonaco.com\/fr\/wp-json\/wp\/v2\/types\/page"}],"author":[{"embeddable":true,"href":"https:\/\/princessyachtsmonaco.com\/fr\/wp-json\/wp\/v2\/users\/1"}],"replies":[{"embeddable":true,"href":"https:\/\/princessyachtsmonaco.com\/fr\/wp-json\/wp\/v2\/comments?post=2793"}],"version-history":[{"count":1,"href":"https:\/\/princessyachtsmonaco.com\/fr\/wp-json\/wp\/v2\/pages\/2793\/revisions"}],"predecessor-version":[{"id":2794,"href":"https:\/\/princessyachtsmonaco.com\/fr\/wp-json\/wp\/v2\/pages\/2793\/revisions\/2794"}],"wp:featuredmedia":[{"embeddable":true,"href":"https:\/\/princessyachtsmonaco.com\/fr\/wp-json\/wp\/v2\/media\/3139"}],"wp:attachment":[{"href":"https:\/\/princessyachtsmonaco.com\/fr\/wp-json\/wp\/v2\/media?parent=2793"}],"curies":[{"name":"wp","href":"https:\/\/api.w.org\/{rel}","templated":true}]}}