{"id":3160,"date":"2018-08-08T10:25:00","date_gmt":"2018-08-08T10:25:00","guid":{"rendered":"http:\/\/princessyachtsmonaco.com\/brand-story\/"},"modified":"2020-12-01T09:38:46","modified_gmt":"2020-12-01T09:38:46","slug":"brand-story","status":"publish","type":"page","link":"https:\/\/princessyachtsmonaco.com\/fr\/brand-story\/","title":{"rendered":"L&#8217;histoire de la marque"},"content":{"rendered":"<p>D\u00e8s le lancement du premier yacht de 31 pieds en 1965, les yachts \u00e0 moteur Princess sont devenus la r\u00e9f\u00e9rence indiscutable dans le domaine des yachts de croisi\u00e8re \u00e0 moteur. Cela vaut pour la ligne l\u00e9gendaire des yachts flybridge, des yachts sportifs V Class coupant le souffle, les super yachts pour croisi\u00e8re lointaine X Class et les yachts novateurs S Class. Tous sont, sans aucun doute, les repr\u00e9sentants dignes de Princess. Le plus grand m\u00e9rite de la marque est son \u00e9l\u00e9gance intemporelle ainsi que la qualit\u00e9 irr\u00e9prochable de chaque d\u00e9tail. Chaque yacht Princess offre une grande man\u0153uvrabilit\u00e9 et une excellente tenue en mer, un am\u00e9nagement int\u00e9rieur irr\u00e9prochable et luxueux, la fiabilit\u00e9 et le confort. Ayant l\u2019une des plus grandes capacit\u00e9s de construction de navires au monde, les chantiers navals Princess ont m\u00e9rit\u00e9 leur r\u00e9putation de producteur de yachts de grande qualit\u00e9, les meilleurs par leur construction et leurs finitions. Chaque yacht Princess est un \u00e9quilibre r\u00e9ussi de style et de mat\u00e9riaux, dans lequel l\u2019esprit de la tradition et le souffle de l\u2019innovation, la cr\u00e9ativit\u00e9 et des m\u00e9thodes de construction techniques ultra-contemporaines sont r\u00e9unis. Le nom Princess est devenu le synonyme de yachts de luxe. Son appartenance au groupe Mo\u00ebt Hennessy Louis Vuitton SA (LVMH) l\u2019a transform\u00e9 en l\u2019une des marques mondiales les plus brillantes.<\/p>\n<h2 style=\"text-align: center;\">Br\u00e8ve histoire de Princess Yachts Ltd<\/h2>\n","protected":false},"excerpt":{"rendered":"D\u00e8s le lancement du premier yacht de 31 pieds en 1965, les yachts \u00e0 moteur Princess sont devenus la r\u00e9f\u00e9rence indiscutable dans le domaine des yachts de croisi\u00e8re \u00e0 moteur. Cela vaut pour la ligne l\u00e9gendaire des yachts flybridge, des yachts sportifs V Class coupant le souffle, les super yachts pour croisi\u00e8re lointaine X Class [&hellip;]","protected":false},"author":1,"featured_media":3189,"parent":0,"menu_order":0,"comment_status":"closed","ping_status":"closed","template":"page-brandstory.php","meta":{"inline_featured_image":false,"footnotes":""},"class_list":["post-3160","page","type-page","status-publish","has-post-thumbnail","hentry"],"acf":[],"yoast_head":"<!-- This site is optimized with the Yoast SEO plugin v21.8.1 - https:\/\/yoast.com\/wordpress\/plugins\/seo\/ -->\n<title>L&#039;histoire de la marque - Princess Yachts Monaco<\/title>\n<meta name=\"robots\" content=\"index, follow, max-snippet:-1, max-image-preview:large, max-video-preview:-1\" \/>\n<link rel=\"canonical\" href=\"https:\/\/princessyachtsmonaco.com\/brand-story\/\" \/>\n<meta property=\"og:locale\" content=\"fr_FR\" \/>\n<meta property=\"og:type\" content=\"article\" \/>\n<meta property=\"og:title\" content=\"L&#039;histoire de la marque - Princess Yachts Monaco\" \/>\n<meta property=\"og:description\" content=\"D\u00e8s le lancement du premier yacht de 31 pieds en 1965, les yachts \u00e0 moteur Princess sont devenus la r\u00e9f\u00e9rence indiscutable dans le domaine des yachts de croisi\u00e8re \u00e0 moteur. Cela vaut pour la ligne l\u00e9gendaire des yachts flybridge, des yachts sportifs V Class coupant le souffle, les super yachts pour croisi\u00e8re lointaine X Class [&hellip;]\" \/>\n<meta property=\"og:url\" content=\"https:\/\/princessyachtsmonaco.com\/brand-story\/\" \/>\n<meta property=\"og:site_name\" content=\"Princess Yachts Monaco\" \/>\n<meta property=\"article:publisher\" content=\"https:\/\/www.facebook.com\/princessyachtsmonaco\/\" \/>\n<meta property=\"article:modified_time\" content=\"2020-12-01T09:38:46+00:00\" \/>\n<meta property=\"og:image\" content=\"https:\/\/princessyachtsmonaco.com\/wp-content\/uploads\/brand-story\/princess-yachts-2018-launch_1600x900.jpg\" \/>\n\t<meta property=\"og:image:width\" content=\"2048\" \/>\n\t<meta property=\"og:image:height\" content=\"1024\" \/>\n\t<meta property=\"og:image:type\" content=\"image\/jpeg\" \/>\n<meta name=\"twitter:card\" content=\"summary_large_image\" \/>\n<meta name=\"twitter:label1\" content=\"Dur\u00e9e de lecture estim\u00e9e\" \/>\n\t<meta name=\"twitter:data1\" content=\"1 minute\" \/>\n<!-- \/ Yoast SEO plugin. -->","yoast_head_json":{"title":"L'histoire de la marque - Princess Yachts Monaco","robots":{"index":"index","follow":"follow","max-snippet":"max-snippet:-1","max-image-preview":"max-image-preview:large","max-video-preview":"max-video-preview:-1"},"canonical":"https:\/\/princessyachtsmonaco.com\/brand-story\/","og_locale":"fr_FR","og_type":"article","og_title":"L'histoire de la marque - Princess Yachts Monaco","og_description":"D\u00e8s le lancement du premier yacht de 31 pieds en 1965, les yachts \u00e0 moteur Princess sont devenus la r\u00e9f\u00e9rence indiscutable dans le domaine des yachts de croisi\u00e8re \u00e0 moteur. Cela vaut pour la ligne l\u00e9gendaire des yachts flybridge, des yachts sportifs V Class coupant le souffle, les super yachts pour croisi\u00e8re lointaine X Class [&hellip;]","og_url":"https:\/\/princessyachtsmonaco.com\/brand-story\/","og_site_name":"Princess Yachts Monaco","article_publisher":"https:\/\/www.facebook.com\/princessyachtsmonaco\/","article_modified_time":"2020-12-01T09:38:46+00:00","og_image":[{"width":2048,"height":1024,"url":"https:\/\/princessyachtsmonaco.com\/wp-content\/uploads\/brand-story\/princess-yachts-2018-launch_1600x900.jpg","type":"image\/jpeg"}],"twitter_card":"summary_large_image","twitter_misc":{"Dur\u00e9e de lecture estim\u00e9e":"1 minute"},"schema":{"@context":"https:\/\/schema.org","@graph":[{"@type":"WebPage","@id":"https:\/\/princessyachtsmonaco.com\/brand-story\/","url":"https:\/\/princessyachtsmonaco.com\/brand-story\/","name":"L'histoire de la marque - Princess Yachts Monaco","isPartOf":{"@id":"https:\/\/princessyachtsmonaco.com\/#website"},"datePublished":"2018-08-08T10:25:00+00:00","dateModified":"2020-12-01T09:38:46+00:00","breadcrumb":{"@id":"https:\/\/princessyachtsmonaco.com\/brand-story\/#breadcrumb"},"inLanguage":"fr-FR","potentialAction":[{"@type":"ReadAction","target":["https:\/\/princessyachtsmonaco.com\/brand-story\/"]}]},{"@type":"BreadcrumbList","@id":"https:\/\/princessyachtsmonaco.com\/brand-story\/#breadcrumb","itemListElement":[{"@type":"ListItem","position":1,"name":"Home","item":"https:\/\/princessyachtsmonaco.com\/"},{"@type":"ListItem","position":2,"name":"L&#8217;histoire de la marque"}]},{"@type":"WebSite","@id":"https:\/\/princessyachtsmonaco.com\/#website","url":"https:\/\/princessyachtsmonaco.com\/","name":"Princess Yachts Monaco","description":"Official Distributor Monaco","publisher":{"@id":"https:\/\/princessyachtsmonaco.com\/#organization"},"potentialAction":[{"@type":"SearchAction","target":{"@type":"EntryPoint","urlTemplate":"https:\/\/princessyachtsmonaco.com\/?s={search_term_string}"},"query-input":"required name=search_term_string"}],"inLanguage":"fr-FR"},{"@type":"Organization","@id":"https:\/\/princessyachtsmonaco.com\/#organization","name":"Princess Yachts Monaco","url":"https:\/\/princessyachtsmonaco.com\/","logo":{"@type":"ImageObject","inLanguage":"fr-FR","@id":"https:\/\/princessyachtsmonaco.com\/#\/schema\/logo\/image\/","url":"https:\/\/princessyachtsmonaco.com\/wp-content\/uploads\/princess_v60_hi-5483-credit-quin-bisset-rt.jpeg","contentUrl":"https:\/\/princessyachtsmonaco.com\/wp-content\/uploads\/princess_v60_hi-5483-credit-quin-bisset-rt.jpeg","width":1600,"height":1067,"caption":"Princess Yachts Monaco"},"image":{"@id":"https:\/\/princessyachtsmonaco.com\/#\/schema\/logo\/image\/"},"sameAs":["https:\/\/www.facebook.com\/princessyachtsmonaco\/","https:\/\/www.youtube.com\/channel\/UCBB_cCUUIjDCj-JVvCHWpgA","https:\/\/www.instagram.com\/princessyachtsmonaco\/"]}]}},"_links":{"self":[{"href":"https:\/\/princessyachtsmonaco.com\/fr\/wp-json\/wp\/v2\/pages\/3160","targetHints":{"allow":["GET"]}}],"collection":[{"href":"https:\/\/princessyachtsmonaco.com\/fr\/wp-json\/wp\/v2\/pages"}],"about":[{"href":"https:\/\/princessyachtsmonaco.com\/fr\/wp-json\/wp\/v2\/types\/page"}],"author":[{"embeddable":true,"href":"https:\/\/princessyachtsmonaco.com\/fr\/wp-json\/wp\/v2\/users\/1"}],"replies":[{"embeddable":true,"href":"https:\/\/princessyachtsmonaco.com\/fr\/wp-json\/wp\/v2\/comments?post=3160"}],"version-history":[{"count":7,"href":"https:\/\/princessyachtsmonaco.com\/fr\/wp-json\/wp\/v2\/pages\/3160\/revisions"}],"predecessor-version":[{"id":12573,"href":"https:\/\/princessyachtsmonaco.com\/fr\/wp-json\/wp\/v2\/pages\/3160\/revisions\/12573"}],"wp:featuredmedia":[{"embeddable":true,"href":"https:\/\/princessyachtsmonaco.com\/fr\/wp-json\/wp\/v2\/media\/3189"}],"wp:attachment":[{"href":"https:\/\/princessyachtsmonaco.com\/fr\/wp-json\/wp\/v2\/media?parent=3160"}],"curies":[{"name":"wp","href":"https:\/\/api.w.org\/{rel}","templated":true}]}}