{"id":9077,"date":"2018-07-03T10:24:52","date_gmt":"2018-07-03T10:24:52","guid":{"rendered":"https:\/\/princessyachtsmonaco.com\/all-yachts\/"},"modified":"2019-10-18T21:19:48","modified_gmt":"2019-10-18T21:19:48","slug":"all-yachts","status":"publish","type":"page","link":"https:\/\/princessyachtsmonaco.com\/fr\/all-yachts\/","title":{"rendered":"Yachts \u00e0 vendre"},"content":{"rendered":"<p>Princess Yachts Monaco est la compagnie leader de courtage de yachts. Gr\u00e2ce \u00e0 une localisation au c\u0153ur du yachting mondial, au vaste r\u00e9seau de repr\u00e9sentants officiels de Princess Yachts aux quatre coins du monde, ainsi qu\u2019\u00e0 l\u2019expertise de longue date de professionnels de la vente de yachts de luxe, nous vous proposons le plus large choix de yachts soigneusement s\u00e9lectionn\u00e9s.<\/p>\n<p><!--more--><\/p>\n<p>Nos yachts subissent un contr\u00f4le minutieux, aussi pouvez-vous \u00eatre s\u00fbrs de la qualit\u00e9 du navire dont vous faites l\u2019acquisition. Toutes les photographies, les informations sur leur \u00e9tat technique, la liste des \u00e9quipements compl\u00e9mentaires et les sp\u00e9cificit\u00e9s des moteurs sont mis \u00e0 jour en permanence. Notre \u00e9quipe d\u2019experts pourra aussi vous aider \u00e0 r\u00e9diger l\u2019acte de propri\u00e9t\u00e9, l\u2019enregistrer, d\u00e9douaner le yacht et choisir un port d\u2019attache.<\/p>\n","protected":false},"excerpt":{"rendered":"Princess Yachts Monaco est la compagnie leader de courtage de yachts. Gr\u00e2ce \u00e0 une localisation au c\u0153ur du yachting mondial, au vaste r\u00e9seau de repr\u00e9sentants officiels de Princess Yachts aux quatre coins du monde, ainsi qu\u2019\u00e0 l\u2019expertise de longue date de professionnels de la vente de yachts de luxe, nous vous proposons le plus large [&hellip;]","protected":false},"author":1,"featured_media":0,"parent":0,"menu_order":0,"comment_status":"closed","ping_status":"closed","template":"yachts.php","meta":{"inline_featured_image":false,"footnotes":""},"class_list":["post-9077","page","type-page","status-publish","hentry"],"acf":[],"yoast_head":"<!-- This site is optimized with the Yoast SEO plugin v21.8.1 - https:\/\/yoast.com\/wordpress\/plugins\/seo\/ -->\n<title>Yachts \u00e0 vendre - Princess Yachts Monaco<\/title>\n<meta name=\"robots\" content=\"index, follow, max-snippet:-1, max-image-preview:large, max-video-preview:-1\" \/>\n<link rel=\"canonical\" href=\"https:\/\/princessyachtsmonaco.com\/all-yachts\/\" \/>\n<meta property=\"og:locale\" content=\"fr_FR\" \/>\n<meta property=\"og:type\" content=\"article\" \/>\n<meta property=\"og:title\" content=\"Yachts \u00e0 vendre - Princess Yachts Monaco\" \/>\n<meta property=\"og:description\" content=\"Princess Yachts Monaco est la compagnie leader de courtage de yachts. Gr\u00e2ce \u00e0 une localisation au c\u0153ur du yachting mondial, au vaste r\u00e9seau de repr\u00e9sentants officiels de Princess Yachts aux quatre coins du monde, ainsi qu\u2019\u00e0 l\u2019expertise de longue date de professionnels de la vente de yachts de luxe, nous vous proposons le plus large [&hellip;]\" \/>\n<meta property=\"og:url\" content=\"https:\/\/princessyachtsmonaco.com\/all-yachts\/\" \/>\n<meta property=\"og:site_name\" content=\"Princess Yachts Monaco\" \/>\n<meta property=\"article:publisher\" content=\"https:\/\/www.facebook.com\/princessyachtsmonaco\/\" \/>\n<meta property=\"article:modified_time\" content=\"2019-10-18T21:19:48+00:00\" \/>\n<meta name=\"twitter:card\" content=\"summary_large_image\" \/>\n<meta name=\"twitter:label1\" content=\"Dur\u00e9e de lecture estim\u00e9e\" \/>\n\t<meta name=\"twitter:data1\" content=\"1 minute\" \/>\n<!-- \/ Yoast SEO plugin. -->","yoast_head_json":{"title":"Yachts \u00e0 vendre - Princess Yachts Monaco","robots":{"index":"index","follow":"follow","max-snippet":"max-snippet:-1","max-image-preview":"max-image-preview:large","max-video-preview":"max-video-preview:-1"},"canonical":"https:\/\/princessyachtsmonaco.com\/all-yachts\/","og_locale":"fr_FR","og_type":"article","og_title":"Yachts \u00e0 vendre - Princess Yachts Monaco","og_description":"Princess Yachts Monaco est la compagnie leader de courtage de yachts. Gr\u00e2ce \u00e0 une localisation au c\u0153ur du yachting mondial, au vaste r\u00e9seau de repr\u00e9sentants officiels de Princess Yachts aux quatre coins du monde, ainsi qu\u2019\u00e0 l\u2019expertise de longue date de professionnels de la vente de yachts de luxe, nous vous proposons le plus large [&hellip;]","og_url":"https:\/\/princessyachtsmonaco.com\/all-yachts\/","og_site_name":"Princess Yachts Monaco","article_publisher":"https:\/\/www.facebook.com\/princessyachtsmonaco\/","article_modified_time":"2019-10-18T21:19:48+00:00","twitter_card":"summary_large_image","twitter_misc":{"Dur\u00e9e de lecture estim\u00e9e":"1 minute"},"schema":{"@context":"https:\/\/schema.org","@graph":[{"@type":"WebPage","@id":"https:\/\/princessyachtsmonaco.com\/all-yachts\/","url":"https:\/\/princessyachtsmonaco.com\/all-yachts\/","name":"Yachts \u00e0 vendre - Princess Yachts Monaco","isPartOf":{"@id":"https:\/\/princessyachtsmonaco.com\/#website"},"datePublished":"2018-07-03T10:24:52+00:00","dateModified":"2019-10-18T21:19:48+00:00","breadcrumb":{"@id":"https:\/\/princessyachtsmonaco.com\/all-yachts\/#breadcrumb"},"inLanguage":"fr-FR","potentialAction":[{"@type":"ReadAction","target":["https:\/\/princessyachtsmonaco.com\/all-yachts\/"]}]},{"@type":"BreadcrumbList","@id":"https:\/\/princessyachtsmonaco.com\/all-yachts\/#breadcrumb","itemListElement":[{"@type":"ListItem","position":1,"name":"Home","item":"https:\/\/princessyachtsmonaco.com\/"},{"@type":"ListItem","position":2,"name":"Yachts \u00e0 vendre"}]},{"@type":"WebSite","@id":"https:\/\/princessyachtsmonaco.com\/#website","url":"https:\/\/princessyachtsmonaco.com\/","name":"Princess Yachts Monaco","description":"Official Distributor Monaco","publisher":{"@id":"https:\/\/princessyachtsmonaco.com\/#organization"},"potentialAction":[{"@type":"SearchAction","target":{"@type":"EntryPoint","urlTemplate":"https:\/\/princessyachtsmonaco.com\/?s={search_term_string}"},"query-input":"required name=search_term_string"}],"inLanguage":"fr-FR"},{"@type":"Organization","@id":"https:\/\/princessyachtsmonaco.com\/#organization","name":"Princess Yachts Monaco","url":"https:\/\/princessyachtsmonaco.com\/","logo":{"@type":"ImageObject","inLanguage":"fr-FR","@id":"https:\/\/princessyachtsmonaco.com\/#\/schema\/logo\/image\/","url":"https:\/\/princessyachtsmonaco.com\/wp-content\/uploads\/princess_v60_hi-5483-credit-quin-bisset-rt.jpeg","contentUrl":"https:\/\/princessyachtsmonaco.com\/wp-content\/uploads\/princess_v60_hi-5483-credit-quin-bisset-rt.jpeg","width":1600,"height":1067,"caption":"Princess Yachts Monaco"},"image":{"@id":"https:\/\/princessyachtsmonaco.com\/#\/schema\/logo\/image\/"},"sameAs":["https:\/\/www.facebook.com\/princessyachtsmonaco\/","https:\/\/www.youtube.com\/channel\/UCBB_cCUUIjDCj-JVvCHWpgA","https:\/\/www.instagram.com\/princessyachtsmonaco\/"]}]}},"_links":{"self":[{"href":"https:\/\/princessyachtsmonaco.com\/fr\/wp-json\/wp\/v2\/pages\/9077","targetHints":{"allow":["GET"]}}],"collection":[{"href":"https:\/\/princessyachtsmonaco.com\/fr\/wp-json\/wp\/v2\/pages"}],"about":[{"href":"https:\/\/princessyachtsmonaco.com\/fr\/wp-json\/wp\/v2\/types\/page"}],"author":[{"embeddable":true,"href":"https:\/\/princessyachtsmonaco.com\/fr\/wp-json\/wp\/v2\/users\/1"}],"replies":[{"embeddable":true,"href":"https:\/\/princessyachtsmonaco.com\/fr\/wp-json\/wp\/v2\/comments?post=9077"}],"version-history":[{"count":5,"href":"https:\/\/princessyachtsmonaco.com\/fr\/wp-json\/wp\/v2\/pages\/9077\/revisions"}],"predecessor-version":[{"id":9105,"href":"https:\/\/princessyachtsmonaco.com\/fr\/wp-json\/wp\/v2\/pages\/9077\/revisions\/9105"}],"wp:attachment":[{"href":"https:\/\/princessyachtsmonaco.com\/fr\/wp-json\/wp\/v2\/media?parent=9077"}],"curies":[{"name":"wp","href":"https:\/\/api.w.org\/{rel}","templated":true}]}}