{"id":2790,"date":"2018-09-12T10:53:26","date_gmt":"2018-09-12T10:53:26","guid":{"rendered":"http:\/\/princessyachtsmonaco.com\/?page_id=2790"},"modified":"2019-03-12T10:51:18","modified_gmt":"2019-03-12T10:51:18","slug":"about","status":"publish","type":"page","link":"https:\/\/princessyachtsmonaco.com\/it\/about\/","title":{"rendered":"Chi Siamo"},"content":{"rendered":"<p>Princess Yachts Monaco \u00e8 il distributore ufficiale di Princess, situato nel centro mondiale dello yacht a Monaco. Il nostro showroom si trova nel cuore del yachting mondiale \u2013 Porte Ercule che ha aperto le sue porte nel 2010. \u00c8 qui che si pu\u1f78 scegliere il modello pi\u00f9 adatto dello yacht, oltre a scegliere tra una variet\u00e0 di finiture &#8211; tutti i campioni di materiali sono presentati nel nostro ufficio. Princess Yachts Monaco \u00e8 un team dinamico di professionisti con anni di esperienza nella vendita di yacht nuovi e d\u2019intermediazione, cos\u00ec come professionali after-sales, che vi accompagneranno durante tutto il periodo di possesso dello yacht. Il nostro team vi aiuter\u00e0 a risolvere qualsiasi domanda comprese quelle relative alla propriet\u00e0, l\u2019immatricolazione, le formalit\u00e0 doganali, l\u2019assicurazione e l\u2019assistenza in garanzia. Vi aspettiamo nel nostro ufficio, dove davanti a una tazzina di caff\u00e8, i nostri esperti vi racconteranno tutti i vantaggi dei lussuosi yacht Princess.<\/p>\n","protected":false},"excerpt":{"rendered":"Princess Yachts Monaco \u00e8 il distributore ufficiale di Princess, situato nel centro mondiale dello yacht a Monaco. Il nostro showroom si trova nel cuore del yachting mondiale \u2013 Porte Ercule che ha aperto le sue porte nel 2010. \u00c8 qui che si pu\u1f78 scegliere il modello pi\u00f9 adatto dello yacht, oltre a scegliere tra una [&hellip;]","protected":false},"author":1,"featured_media":0,"parent":0,"menu_order":0,"comment_status":"closed","ping_status":"closed","template":"page-slider.php","meta":{"inline_featured_image":false,"footnotes":""},"class_list":["post-2790","page","type-page","status-publish","hentry"],"acf":[],"yoast_head":"<!-- This site is optimized with the Yoast SEO plugin v21.8.1 - https:\/\/yoast.com\/wordpress\/plugins\/seo\/ -->\n<title>Chi Siamo - Princess Yachts Monaco<\/title>\n<meta name=\"robots\" content=\"index, follow, max-snippet:-1, max-image-preview:large, max-video-preview:-1\" \/>\n<link rel=\"canonical\" href=\"https:\/\/princessyachtsmonaco.com\/about\/\" \/>\n<meta property=\"og:locale\" content=\"it_IT\" \/>\n<meta property=\"og:type\" content=\"article\" \/>\n<meta property=\"og:title\" content=\"Chi Siamo - Princess Yachts Monaco\" \/>\n<meta property=\"og:description\" content=\"Princess Yachts Monaco \u00e8 il distributore ufficiale di Princess, situato nel centro mondiale dello yacht a Monaco. Il nostro showroom si trova nel cuore del yachting mondiale \u2013 Porte Ercule che ha aperto le sue porte nel 2010. \u00c8 qui che si pu\u1f78 scegliere il modello pi\u00f9 adatto dello yacht, oltre a scegliere tra una [&hellip;]\" \/>\n<meta property=\"og:url\" content=\"https:\/\/princessyachtsmonaco.com\/about\/\" \/>\n<meta property=\"og:site_name\" content=\"Princess Yachts Monaco\" \/>\n<meta property=\"article:publisher\" content=\"https:\/\/www.facebook.com\/princessyachtsmonaco\/\" \/>\n<meta property=\"article:modified_time\" content=\"2019-03-12T10:51:18+00:00\" \/>\n<meta name=\"twitter:card\" content=\"summary_large_image\" \/>\n<meta name=\"twitter:label1\" content=\"Tempo di lettura stimato\" \/>\n\t<meta name=\"twitter:data1\" content=\"1 minuto\" \/>\n<!-- \/ Yoast SEO plugin. -->","yoast_head_json":{"title":"Chi Siamo - Princess Yachts Monaco","robots":{"index":"index","follow":"follow","max-snippet":"max-snippet:-1","max-image-preview":"max-image-preview:large","max-video-preview":"max-video-preview:-1"},"canonical":"https:\/\/princessyachtsmonaco.com\/about\/","og_locale":"it_IT","og_type":"article","og_title":"Chi Siamo - Princess Yachts Monaco","og_description":"Princess Yachts Monaco \u00e8 il distributore ufficiale di Princess, situato nel centro mondiale dello yacht a Monaco. Il nostro showroom si trova nel cuore del yachting mondiale \u2013 Porte Ercule che ha aperto le sue porte nel 2010. \u00c8 qui che si pu\u1f78 scegliere il modello pi\u00f9 adatto dello yacht, oltre a scegliere tra una [&hellip;]","og_url":"https:\/\/princessyachtsmonaco.com\/about\/","og_site_name":"Princess Yachts Monaco","article_publisher":"https:\/\/www.facebook.com\/princessyachtsmonaco\/","article_modified_time":"2019-03-12T10:51:18+00:00","twitter_card":"summary_large_image","twitter_misc":{"Tempo di lettura stimato":"1 minuto"},"schema":{"@context":"https:\/\/schema.org","@graph":[{"@type":"WebPage","@id":"https:\/\/princessyachtsmonaco.com\/about\/","url":"https:\/\/princessyachtsmonaco.com\/about\/","name":"Chi Siamo - Princess Yachts Monaco","isPartOf":{"@id":"https:\/\/princessyachtsmonaco.com\/#website"},"datePublished":"2018-09-12T10:53:26+00:00","dateModified":"2019-03-12T10:51:18+00:00","breadcrumb":{"@id":"https:\/\/princessyachtsmonaco.com\/about\/#breadcrumb"},"inLanguage":"it-IT","potentialAction":[{"@type":"ReadAction","target":["https:\/\/princessyachtsmonaco.com\/about\/"]}]},{"@type":"BreadcrumbList","@id":"https:\/\/princessyachtsmonaco.com\/about\/#breadcrumb","itemListElement":[{"@type":"ListItem","position":1,"name":"Home","item":"https:\/\/princessyachtsmonaco.com\/it\/"},{"@type":"ListItem","position":2,"name":"Chi Siamo"}]},{"@type":"WebSite","@id":"https:\/\/princessyachtsmonaco.com\/#website","url":"https:\/\/princessyachtsmonaco.com\/","name":"Princess Yachts Monaco","description":"Official Distributor Monaco","publisher":{"@id":"https:\/\/princessyachtsmonaco.com\/#organization"},"potentialAction":[{"@type":"SearchAction","target":{"@type":"EntryPoint","urlTemplate":"https:\/\/princessyachtsmonaco.com\/?s={search_term_string}"},"query-input":"required name=search_term_string"}],"inLanguage":"it-IT"},{"@type":"Organization","@id":"https:\/\/princessyachtsmonaco.com\/#organization","name":"Princess Yachts Monaco","url":"https:\/\/princessyachtsmonaco.com\/","logo":{"@type":"ImageObject","inLanguage":"it-IT","@id":"https:\/\/princessyachtsmonaco.com\/#\/schema\/logo\/image\/","url":"https:\/\/princessyachtsmonaco.com\/wp-content\/uploads\/princess_v60_hi-5483-credit-quin-bisset-rt.jpeg","contentUrl":"https:\/\/princessyachtsmonaco.com\/wp-content\/uploads\/princess_v60_hi-5483-credit-quin-bisset-rt.jpeg","width":1600,"height":1067,"caption":"Princess Yachts Monaco"},"image":{"@id":"https:\/\/princessyachtsmonaco.com\/#\/schema\/logo\/image\/"},"sameAs":["https:\/\/www.facebook.com\/princessyachtsmonaco\/","https:\/\/www.youtube.com\/channel\/UCBB_cCUUIjDCj-JVvCHWpgA","https:\/\/www.instagram.com\/princessyachtsmonaco\/"]}]}},"_links":{"self":[{"href":"https:\/\/princessyachtsmonaco.com\/it\/wp-json\/wp\/v2\/pages\/2790","targetHints":{"allow":["GET"]}}],"collection":[{"href":"https:\/\/princessyachtsmonaco.com\/it\/wp-json\/wp\/v2\/pages"}],"about":[{"href":"https:\/\/princessyachtsmonaco.com\/it\/wp-json\/wp\/v2\/types\/page"}],"author":[{"embeddable":true,"href":"https:\/\/princessyachtsmonaco.com\/it\/wp-json\/wp\/v2\/users\/1"}],"replies":[{"embeddable":true,"href":"https:\/\/princessyachtsmonaco.com\/it\/wp-json\/wp\/v2\/comments?post=2790"}],"version-history":[{"count":5,"href":"https:\/\/princessyachtsmonaco.com\/it\/wp-json\/wp\/v2\/pages\/2790\/revisions"}],"predecessor-version":[{"id":3135,"href":"https:\/\/princessyachtsmonaco.com\/it\/wp-json\/wp\/v2\/pages\/2790\/revisions\/3135"}],"wp:attachment":[{"href":"https:\/\/princessyachtsmonaco.com\/it\/wp-json\/wp\/v2\/media?parent=2790"}],"curies":[{"name":"wp","href":"https:\/\/api.w.org\/{rel}","templated":true}]}}