{"id":2949,"date":"2018-09-19T14:42:57","date_gmt":"2018-09-19T14:42:57","guid":{"rendered":"http:\/\/princessyachtsmonaco.com\/?page_id=2949"},"modified":"2020-12-01T09:41:51","modified_gmt":"2020-12-01T09:41:51","slug":"our-craft","status":"publish","type":"page","link":"https:\/\/princessyachtsmonaco.com\/it\/our-craft\/","title":{"rendered":"Nuovi Yacht"},"content":{"rendered":"<p>Dal lancio del primo yacht da 31 piedi nel 1965, gli yacht a motore Princess sono diventati modelli segreti nel campo degli yacht da crociera. Questo riguarda la leggendaria linea di yacht flybridge e per gli yacht sportivi mozzafiato di classe V, i superyacht a motore classe X e l\u2019innovativa Classe S. Tutti questi senza dubbio, sono degni rappresentanti della Princess. Il principale vantaggio del marchio risiede nell\u2019eterna eleganza e nella qualit\u00e0 impeccabile in ogni dettaglio. Eccellente maneggevolezza e prestazioni di guida, arredamento interno impeccabile e lussuoso, affidabilit\u00e0 e comfort &#8211; tutto questo \u00e8 racchiuso in ogni yacht Princess. Avendo uno dei pi\u00f9 avanzati impianti di costruzione navale al mondo, il cantiere navale Princess si \u00e8 guadagnato una reputazione come produttore di yacht di alta qualit\u00e0, il migliore nel design e nella qualit\u00e0 costruttiva.<\/p>\n","protected":false},"excerpt":{"rendered":"Dal lancio del primo yacht da 31 piedi nel 1965, gli yacht a motore Princess sono diventati modelli segreti nel campo degli yacht da crociera. Questo riguarda la leggendaria linea di yacht flybridge e per gli yacht sportivi mozzafiato di classe V, i superyacht a motore classe X e l\u2019innovativa Classe S. Tutti questi senza [&hellip;]","protected":false},"author":1,"featured_media":0,"parent":0,"menu_order":0,"comment_status":"closed","ping_status":"closed","template":"princess.php","meta":{"inline_featured_image":false,"footnotes":""},"class_list":["post-2949","page","type-page","status-publish","hentry"],"acf":[],"yoast_head":"<!-- This site is optimized with the Yoast SEO plugin v21.8.1 - https:\/\/yoast.com\/wordpress\/plugins\/seo\/ -->\n<title>Nuovi Yacht - Princess Yachts Monaco<\/title>\n<meta name=\"robots\" content=\"index, follow, max-snippet:-1, max-image-preview:large, max-video-preview:-1\" \/>\n<link rel=\"canonical\" href=\"https:\/\/princessyachtsmonaco.com\/it\/our-craft\/\" \/>\n<meta property=\"og:locale\" content=\"it_IT\" \/>\n<meta property=\"og:type\" content=\"article\" \/>\n<meta property=\"og:title\" content=\"Nuovi Yacht - Princess Yachts Monaco\" \/>\n<meta property=\"og:description\" content=\"Dal lancio del primo yacht da 31 piedi nel 1965, gli yacht a motore Princess sono diventati modelli segreti nel campo degli yacht da crociera. Questo riguarda la leggendaria linea di yacht flybridge e per gli yacht sportivi mozzafiato di classe V, i superyacht a motore classe X e l\u2019innovativa Classe S. Tutti questi senza [&hellip;]\" \/>\n<meta property=\"og:url\" content=\"https:\/\/princessyachtsmonaco.com\/it\/our-craft\/\" \/>\n<meta property=\"og:site_name\" content=\"Princess Yachts Monaco\" \/>\n<meta property=\"article:publisher\" content=\"https:\/\/www.facebook.com\/princessyachtsmonaco\/\" \/>\n<meta property=\"article:modified_time\" content=\"2020-12-01T09:41:51+00:00\" \/>\n<meta name=\"twitter:card\" content=\"summary_large_image\" \/>\n<meta name=\"twitter:label1\" content=\"Tempo di lettura stimato\" \/>\n\t<meta name=\"twitter:data1\" content=\"1 minuto\" \/>\n<!-- \/ Yoast SEO plugin. -->","yoast_head_json":{"title":"Nuovi Yacht - Princess Yachts Monaco","robots":{"index":"index","follow":"follow","max-snippet":"max-snippet:-1","max-image-preview":"max-image-preview:large","max-video-preview":"max-video-preview:-1"},"canonical":"https:\/\/princessyachtsmonaco.com\/it\/our-craft\/","og_locale":"it_IT","og_type":"article","og_title":"Nuovi Yacht - Princess Yachts Monaco","og_description":"Dal lancio del primo yacht da 31 piedi nel 1965, gli yacht a motore Princess sono diventati modelli segreti nel campo degli yacht da crociera. Questo riguarda la leggendaria linea di yacht flybridge e per gli yacht sportivi mozzafiato di classe V, i superyacht a motore classe X e l\u2019innovativa Classe S. Tutti questi senza [&hellip;]","og_url":"https:\/\/princessyachtsmonaco.com\/it\/our-craft\/","og_site_name":"Princess Yachts Monaco","article_publisher":"https:\/\/www.facebook.com\/princessyachtsmonaco\/","article_modified_time":"2020-12-01T09:41:51+00:00","twitter_card":"summary_large_image","twitter_misc":{"Tempo di lettura stimato":"1 minuto"},"schema":{"@context":"https:\/\/schema.org","@graph":[{"@type":"WebPage","@id":"https:\/\/princessyachtsmonaco.com\/it\/our-craft\/","url":"https:\/\/princessyachtsmonaco.com\/it\/our-craft\/","name":"Nuovi Yacht - Princess Yachts Monaco","isPartOf":{"@id":"https:\/\/princessyachtsmonaco.com\/#website"},"datePublished":"2018-09-19T14:42:57+00:00","dateModified":"2020-12-01T09:41:51+00:00","breadcrumb":{"@id":"https:\/\/princessyachtsmonaco.com\/it\/our-craft\/#breadcrumb"},"inLanguage":"it-IT","potentialAction":[{"@type":"ReadAction","target":["https:\/\/princessyachtsmonaco.com\/it\/our-craft\/"]}]},{"@type":"BreadcrumbList","@id":"https:\/\/princessyachtsmonaco.com\/it\/our-craft\/#breadcrumb","itemListElement":[{"@type":"ListItem","position":1,"name":"Home","item":"https:\/\/princessyachtsmonaco.com\/it\/"},{"@type":"ListItem","position":2,"name":"Nuovi Yacht"}]},{"@type":"WebSite","@id":"https:\/\/princessyachtsmonaco.com\/#website","url":"https:\/\/princessyachtsmonaco.com\/","name":"Princess Yachts Monaco","description":"Official Distributor Monaco","publisher":{"@id":"https:\/\/princessyachtsmonaco.com\/#organization"},"potentialAction":[{"@type":"SearchAction","target":{"@type":"EntryPoint","urlTemplate":"https:\/\/princessyachtsmonaco.com\/?s={search_term_string}"},"query-input":"required name=search_term_string"}],"inLanguage":"it-IT"},{"@type":"Organization","@id":"https:\/\/princessyachtsmonaco.com\/#organization","name":"Princess Yachts Monaco","url":"https:\/\/princessyachtsmonaco.com\/","logo":{"@type":"ImageObject","inLanguage":"it-IT","@id":"https:\/\/princessyachtsmonaco.com\/#\/schema\/logo\/image\/","url":"https:\/\/princessyachtsmonaco.com\/wp-content\/uploads\/princess_v60_hi-5483-credit-quin-bisset-rt.jpeg","contentUrl":"https:\/\/princessyachtsmonaco.com\/wp-content\/uploads\/princess_v60_hi-5483-credit-quin-bisset-rt.jpeg","width":1600,"height":1067,"caption":"Princess Yachts Monaco"},"image":{"@id":"https:\/\/princessyachtsmonaco.com\/#\/schema\/logo\/image\/"},"sameAs":["https:\/\/www.facebook.com\/princessyachtsmonaco\/","https:\/\/www.youtube.com\/channel\/UCBB_cCUUIjDCj-JVvCHWpgA","https:\/\/www.instagram.com\/princessyachtsmonaco\/"]}]}},"_links":{"self":[{"href":"https:\/\/princessyachtsmonaco.com\/it\/wp-json\/wp\/v2\/pages\/2949","targetHints":{"allow":["GET"]}}],"collection":[{"href":"https:\/\/princessyachtsmonaco.com\/it\/wp-json\/wp\/v2\/pages"}],"about":[{"href":"https:\/\/princessyachtsmonaco.com\/it\/wp-json\/wp\/v2\/types\/page"}],"author":[{"embeddable":true,"href":"https:\/\/princessyachtsmonaco.com\/it\/wp-json\/wp\/v2\/users\/1"}],"replies":[{"embeddable":true,"href":"https:\/\/princessyachtsmonaco.com\/it\/wp-json\/wp\/v2\/comments?post=2949"}],"version-history":[{"count":4,"href":"https:\/\/princessyachtsmonaco.com\/it\/wp-json\/wp\/v2\/pages\/2949\/revisions"}],"predecessor-version":[{"id":12577,"href":"https:\/\/princessyachtsmonaco.com\/it\/wp-json\/wp\/v2\/pages\/2949\/revisions\/12577"}],"wp:attachment":[{"href":"https:\/\/princessyachtsmonaco.com\/it\/wp-json\/wp\/v2\/media?parent=2949"}],"curies":[{"name":"wp","href":"https:\/\/api.w.org\/{rel}","templated":true}]}}