{"id":3168,"date":"2018-08-08T10:25:00","date_gmt":"2018-08-08T10:25:00","guid":{"rendered":"http:\/\/princessyachtsmonaco.com\/brand-story\/"},"modified":"2020-12-01T09:39:26","modified_gmt":"2020-12-01T09:39:26","slug":"brand-story","status":"publish","type":"page","link":"https:\/\/princessyachtsmonaco.com\/it\/brand-story\/","title":{"rendered":"La storia del brand"},"content":{"rendered":"<p>Dal lancio del primo yacht da 31 piedi nel 1965, gli yacht a motore Princess sono diventati arbitri non ufficiali nel campo degli yacht da crociera. Questo vale per la leggendaria linea di yacht Flybridge e per gli yacht sportivi di classe V mozzafiato, i superyacht a motore di classe X a lunga distanza e l&#8217;innovativa classe S. Tutti, senza dubbio, sono degni rappresentanti di Princess. Il principale vantaggio del marchio risiede nell\u2019eterna eleganza e nella qualit\u00e0 impeccabile in ogni dettaglio. Eccellente maneggevolezza e prestazioni di guida, decorazione degli interni impeccabile e lussuosa, affidabilit\u00e0 e comfort &#8211; tutto questo \u00e8 racchiuso in ogni yacht Princess, proprio come dovrebbe essere e lo capirai da solo, quando salirai a bordo della Princess. Avendo uno dei pi\u00f9 avanzati motorizzazione di costruzione navale al mondo, il cantiere Princess si \u00e8 guadagnato una reputazione come produttore di yacht di alta qualit\u00e0, il migliore nel design e nella qualit\u00e0 costruttiva. Ogni yacht Princess \u00e8 un perfetto equilibrio tra stile e materiale, unendo lo spirito di tradizione e innovazione, creativit\u00e0 e soluzioni progettuali d\u2019avanguardia. Il nome Princess \u00e8 diventato sinonimo di tutto ci\u1f78 che rappresenta il meglio oggi nella progettazione di yacht di lusso e, essendo parte della famiglia Mo\u00ebt Hennessy Louis Vuitton SA (LVMH), \u00e8 diventato uno dei marchi mondiali pi\u00f9 importanti.<\/p>\n<h2 style=\"text-align: center;\">Breve storia di Princess Yachts\u00a0Ltd<\/h2>\n","protected":false},"excerpt":{"rendered":"Dal lancio del primo yacht da 31 piedi nel 1965, gli yacht a motore Princess sono diventati arbitri non ufficiali nel campo degli yacht da crociera. Questo vale per la leggendaria linea di yacht Flybridge e per gli yacht sportivi di classe V mozzafiato, i superyacht a motore di classe X a lunga distanza e [&hellip;]","protected":false},"author":1,"featured_media":3190,"parent":0,"menu_order":0,"comment_status":"closed","ping_status":"closed","template":"page-brandstory.php","meta":{"inline_featured_image":false,"footnotes":""},"class_list":["post-3168","page","type-page","status-publish","has-post-thumbnail","hentry"],"acf":[],"yoast_head":"<!-- This site is optimized with the Yoast SEO plugin v21.8.1 - https:\/\/yoast.com\/wordpress\/plugins\/seo\/ -->\n<title>La storia del brand - Princess Yachts Monaco<\/title>\n<meta name=\"robots\" content=\"index, follow, max-snippet:-1, max-image-preview:large, max-video-preview:-1\" \/>\n<link rel=\"canonical\" href=\"https:\/\/princessyachtsmonaco.com\/brand-story\/\" \/>\n<meta property=\"og:locale\" content=\"it_IT\" \/>\n<meta property=\"og:type\" content=\"article\" \/>\n<meta property=\"og:title\" content=\"La storia del brand - Princess Yachts Monaco\" \/>\n<meta property=\"og:description\" content=\"Dal lancio del primo yacht da 31 piedi nel 1965, gli yacht a motore Princess sono diventati arbitri non ufficiali nel campo degli yacht da crociera. Questo vale per la leggendaria linea di yacht Flybridge e per gli yacht sportivi di classe V mozzafiato, i superyacht a motore di classe X a lunga distanza e [&hellip;]\" \/>\n<meta property=\"og:url\" content=\"https:\/\/princessyachtsmonaco.com\/brand-story\/\" \/>\n<meta property=\"og:site_name\" content=\"Princess Yachts Monaco\" \/>\n<meta property=\"article:publisher\" content=\"https:\/\/www.facebook.com\/princessyachtsmonaco\/\" \/>\n<meta property=\"article:modified_time\" content=\"2020-12-01T09:39:26+00:00\" \/>\n<meta property=\"og:image\" content=\"https:\/\/princessyachtsmonaco.com\/wp-content\/uploads\/brand-story\/princess-yachts-2018-launch_1600x900.jpg\" \/>\n\t<meta property=\"og:image:width\" content=\"2048\" \/>\n\t<meta property=\"og:image:height\" content=\"1024\" \/>\n\t<meta property=\"og:image:type\" content=\"image\/jpeg\" \/>\n<meta name=\"twitter:card\" content=\"summary_large_image\" \/>\n<meta name=\"twitter:label1\" content=\"Tempo di lettura stimato\" \/>\n\t<meta name=\"twitter:data1\" content=\"1 minuto\" \/>\n<!-- \/ Yoast SEO plugin. -->","yoast_head_json":{"title":"La storia del brand - Princess Yachts Monaco","robots":{"index":"index","follow":"follow","max-snippet":"max-snippet:-1","max-image-preview":"max-image-preview:large","max-video-preview":"max-video-preview:-1"},"canonical":"https:\/\/princessyachtsmonaco.com\/brand-story\/","og_locale":"it_IT","og_type":"article","og_title":"La storia del brand - Princess Yachts Monaco","og_description":"Dal lancio del primo yacht da 31 piedi nel 1965, gli yacht a motore Princess sono diventati arbitri non ufficiali nel campo degli yacht da crociera. Questo vale per la leggendaria linea di yacht Flybridge e per gli yacht sportivi di classe V mozzafiato, i superyacht a motore di classe X a lunga distanza e [&hellip;]","og_url":"https:\/\/princessyachtsmonaco.com\/brand-story\/","og_site_name":"Princess Yachts Monaco","article_publisher":"https:\/\/www.facebook.com\/princessyachtsmonaco\/","article_modified_time":"2020-12-01T09:39:26+00:00","og_image":[{"width":2048,"height":1024,"url":"https:\/\/princessyachtsmonaco.com\/wp-content\/uploads\/brand-story\/princess-yachts-2018-launch_1600x900.jpg","type":"image\/jpeg"}],"twitter_card":"summary_large_image","twitter_misc":{"Tempo di lettura stimato":"1 minuto"},"schema":{"@context":"https:\/\/schema.org","@graph":[{"@type":"WebPage","@id":"https:\/\/princessyachtsmonaco.com\/brand-story\/","url":"https:\/\/princessyachtsmonaco.com\/brand-story\/","name":"La storia del brand - Princess Yachts Monaco","isPartOf":{"@id":"https:\/\/princessyachtsmonaco.com\/#website"},"datePublished":"2018-08-08T10:25:00+00:00","dateModified":"2020-12-01T09:39:26+00:00","breadcrumb":{"@id":"https:\/\/princessyachtsmonaco.com\/brand-story\/#breadcrumb"},"inLanguage":"it-IT","potentialAction":[{"@type":"ReadAction","target":["https:\/\/princessyachtsmonaco.com\/brand-story\/"]}]},{"@type":"BreadcrumbList","@id":"https:\/\/princessyachtsmonaco.com\/brand-story\/#breadcrumb","itemListElement":[{"@type":"ListItem","position":1,"name":"Home","item":"https:\/\/princessyachtsmonaco.com\/it\/"},{"@type":"ListItem","position":2,"name":"La storia del brand"}]},{"@type":"WebSite","@id":"https:\/\/princessyachtsmonaco.com\/#website","url":"https:\/\/princessyachtsmonaco.com\/","name":"Princess Yachts Monaco","description":"Official Distributor Monaco","publisher":{"@id":"https:\/\/princessyachtsmonaco.com\/#organization"},"potentialAction":[{"@type":"SearchAction","target":{"@type":"EntryPoint","urlTemplate":"https:\/\/princessyachtsmonaco.com\/?s={search_term_string}"},"query-input":"required name=search_term_string"}],"inLanguage":"it-IT"},{"@type":"Organization","@id":"https:\/\/princessyachtsmonaco.com\/#organization","name":"Princess Yachts Monaco","url":"https:\/\/princessyachtsmonaco.com\/","logo":{"@type":"ImageObject","inLanguage":"it-IT","@id":"https:\/\/princessyachtsmonaco.com\/#\/schema\/logo\/image\/","url":"https:\/\/princessyachtsmonaco.com\/wp-content\/uploads\/princess_v60_hi-5483-credit-quin-bisset-rt.jpeg","contentUrl":"https:\/\/princessyachtsmonaco.com\/wp-content\/uploads\/princess_v60_hi-5483-credit-quin-bisset-rt.jpeg","width":1600,"height":1067,"caption":"Princess Yachts Monaco"},"image":{"@id":"https:\/\/princessyachtsmonaco.com\/#\/schema\/logo\/image\/"},"sameAs":["https:\/\/www.facebook.com\/princessyachtsmonaco\/","https:\/\/www.youtube.com\/channel\/UCBB_cCUUIjDCj-JVvCHWpgA","https:\/\/www.instagram.com\/princessyachtsmonaco\/"]}]}},"_links":{"self":[{"href":"https:\/\/princessyachtsmonaco.com\/it\/wp-json\/wp\/v2\/pages\/3168","targetHints":{"allow":["GET"]}}],"collection":[{"href":"https:\/\/princessyachtsmonaco.com\/it\/wp-json\/wp\/v2\/pages"}],"about":[{"href":"https:\/\/princessyachtsmonaco.com\/it\/wp-json\/wp\/v2\/types\/page"}],"author":[{"embeddable":true,"href":"https:\/\/princessyachtsmonaco.com\/it\/wp-json\/wp\/v2\/users\/1"}],"replies":[{"embeddable":true,"href":"https:\/\/princessyachtsmonaco.com\/it\/wp-json\/wp\/v2\/comments?post=3168"}],"version-history":[{"count":7,"href":"https:\/\/princessyachtsmonaco.com\/it\/wp-json\/wp\/v2\/pages\/3168\/revisions"}],"predecessor-version":[{"id":12574,"href":"https:\/\/princessyachtsmonaco.com\/it\/wp-json\/wp\/v2\/pages\/3168\/revisions\/12574"}],"wp:featuredmedia":[{"embeddable":true,"href":"https:\/\/princessyachtsmonaco.com\/it\/wp-json\/wp\/v2\/media\/3190"}],"wp:attachment":[{"href":"https:\/\/princessyachtsmonaco.com\/it\/wp-json\/wp\/v2\/media?parent=3168"}],"curies":[{"name":"wp","href":"https:\/\/api.w.org\/{rel}","templated":true}]}}